{"id":67,"date":"2020-02-03T22:20:49","date_gmt":"2020-02-03T21:20:49","guid":{"rendered":"http:\/\/www.montessori-fuer-kinder.de\/wordpress\/?page_id=67"},"modified":"2024-11-19T09:46:32","modified_gmt":"2024-11-19T08:46:32","slug":"jobs","status":"publish","type":"page","link":"http:\/\/www.montessori-fuer-kinder.de\/wordpress\/jobs\/","title":{"rendered":"Jobs"},"content":{"rendered":"\r\n<h2 class=\"wp-block-heading\">Jobs und Praktika im Kinderhaus<\/h2>\r\n\r\n\r\n\r\n<p>Das Montessori-Kinderhaus Henisiuspark bietet als langj\u00e4hrig gewachsene und etablierte Elterninitiative rund 150 Kindern im Alter zwischen 10 Monaten und 6 Jahren einen ganzheitlichen Lebens- und Bildungsraum nach den Prinzipien der Montessori-P\u00e4dagogik.<\/p>\r\n\r\n\r\n\r\n<h3 class=\"wp-block-heading\">Erzieher:innen und Kinderpfleger:innen\u00a0\u00a0(Teil- oder Vollzeit)<\/h3>\r\n\r\n\r\n\r\n<p>Wir suchen immer wieder motivierte und engagierte Erzieher:innen und Kinderpfleger:innen f\u00fcr Kindergarten und Krippe zur Unterst\u00fctzung unseres Teams.\u00a0<\/p>\r\n\r\n\r\n\r\n<p><img data-recalc-dims=\"1\" loading=\"lazy\" decoding=\"async\" class=\"alignright size-thumbnail wp-image-711\" src=\"https:\/\/i0.wp.com\/www.montessori-fuer-kinder.de\/wordpress\/wp-content\/uploads\/2022\/03\/P1020236.jpg?resize=150%2C150\" alt=\"\" width=\"150\" height=\"150\" srcset=\"https:\/\/i0.wp.com\/www.montessori-fuer-kinder.de\/wordpress\/wp-content\/uploads\/2022\/03\/P1020236-scaled.jpg?resize=150%2C150 150w, https:\/\/i0.wp.com\/www.montessori-fuer-kinder.de\/wordpress\/wp-content\/uploads\/2022\/03\/P1020236-scaled.jpg?resize=100%2C100 100w, https:\/\/i0.wp.com\/www.montessori-fuer-kinder.de\/wordpress\/wp-content\/uploads\/2022\/03\/P1020236-scaled.jpg?zoom=2&amp;resize=150%2C150 300w, https:\/\/i0.wp.com\/www.montessori-fuer-kinder.de\/wordpress\/wp-content\/uploads\/2022\/03\/P1020236-scaled.jpg?zoom=3&amp;resize=150%2C150 450w\" sizes=\"auto, (max-width: 150px) 100vw, 150px\" \/><br \/>Schicken Sie uns gern Ihre Initiativbewerbung an<br \/>Heidrun Engelmaier<br \/>P\u00e4dagogische Leitung Montessori Kinderhaus Henisiuspark<br \/><a href=\"mailto:heidrun.engelmaier@montessori-fuer-kinder.de\">heidrun.engelmaier@montessori-fuer-kinder.de<\/a>\u00a0<\/p>\r\n<p>\r\n\r\n<\/p>\r\n\r\n\r\n\r\n\r\n\r\n<h3 class=\"wp-block-heading\">Individualbegleiter:innen (Teilzeit)<\/h3>\r\n\r\n\r\n\r\n<p>Wir suchen immer wieder engagierte, feinf\u00fchlige Individualbegleitungen.\u00a0<\/p>\r\n<p><img data-recalc-dims=\"1\" loading=\"lazy\" decoding=\"async\" class=\"alignright size-thumbnail wp-image-711\" style=\"color: #333333;\" src=\"https:\/\/i0.wp.com\/www.montessori-fuer-kinder.de\/wordpress\/wp-content\/uploads\/2022\/03\/P1020236.jpg?resize=150%2C150\" alt=\"\" width=\"150\" height=\"150\" srcset=\"https:\/\/i0.wp.com\/www.montessori-fuer-kinder.de\/wordpress\/wp-content\/uploads\/2022\/03\/P1020236-scaled.jpg?resize=150%2C150 150w, https:\/\/i0.wp.com\/www.montessori-fuer-kinder.de\/wordpress\/wp-content\/uploads\/2022\/03\/P1020236-scaled.jpg?resize=100%2C100 100w, https:\/\/i0.wp.com\/www.montessori-fuer-kinder.de\/wordpress\/wp-content\/uploads\/2022\/03\/P1020236-scaled.jpg?zoom=2&amp;resize=150%2C150 300w, https:\/\/i0.wp.com\/www.montessori-fuer-kinder.de\/wordpress\/wp-content\/uploads\/2022\/03\/P1020236-scaled.jpg?zoom=3&amp;resize=150%2C150 450w\" sizes=\"auto, (max-width: 150px) 100vw, 150px\" \/><span style=\"font-size: 1rem;\">Bei Interesse senden Sie bitte Ihre Bewerbung an<\/span><br \/>Heidrun Engelmaier <br \/>P\u00e4dagogische Leitung Montessori Kinderhaus Henisiuspark<br \/><a href=\"mailto:heidrun.engelmaier@montessori-fuer-kinder.de\">heidrun.engelmaier@montessori-fuer-kinder.de<\/a>\u00a0<\/p>\r\n<p>\r\n\r\n<\/p>\r\n<h3>\r\n\r\n\r\n\r\n<\/h3>\r\n<h3 class=\"wp-block-heading\">Praktikant:innen f\u00fcr SEJ und BP<\/h3>\r\n<p>\r\n\r\n<\/p>\r\n<p>F\u00fcr das Kinderhausjahr 2024\/25 suchen wir noch interessierte Praktikant:innen f\u00fcr SEJ und BP.<br \/>In 4 Kindergartengruppen und 4 Krippengruppen werden die Kinder feinf\u00fchlig, achtsam und kompetent betreut, von einem qualifizierten p\u00e4dagogischen Team.<br \/>Wir arbeiten nach der P\u00e4dagogik Maria Montessoris und in den Krippengruppen begleiten wir die Kinder zus\u00e4tzlich nach den Erkenntnissen aus der Pikler P\u00e4dagogik.<br \/>Die Praktikantenanleitung findet bei uns regelm\u00e4\u00dfig pro Woche statt und basiert auf einem offenen, freundlichen Umgang.<\/p>\r\n<p>\r\n\r\n\r\n\r\n\r\n\r\n\r\n\r\n\r\n\r\n<\/p>\r\n<p><img data-recalc-dims=\"1\" loading=\"lazy\" decoding=\"async\" class=\"alignright size-thumbnail wp-image-710\" src=\"https:\/\/i0.wp.com\/www.montessori-fuer-kinder.de\/wordpress\/wp-content\/uploads\/2022\/03\/P1020270-scaled-e1647941434299-150x150.jpg?resize=150%2C150\" alt=\"\" width=\"150\" height=\"150\" srcset=\"https:\/\/i0.wp.com\/www.montessori-fuer-kinder.de\/wordpress\/wp-content\/uploads\/2022\/03\/P1020270-scaled-e1647941434299.jpg?resize=150%2C150 150w, https:\/\/i0.wp.com\/www.montessori-fuer-kinder.de\/wordpress\/wp-content\/uploads\/2022\/03\/P1020270-scaled-e1647941434299.jpg?resize=100%2C100 100w, https:\/\/i0.wp.com\/www.montessori-fuer-kinder.de\/wordpress\/wp-content\/uploads\/2022\/03\/P1020270-scaled-e1647941434299.jpg?zoom=2&amp;resize=150%2C150 300w, https:\/\/i0.wp.com\/www.montessori-fuer-kinder.de\/wordpress\/wp-content\/uploads\/2022\/03\/P1020270-scaled-e1647941434299.jpg?zoom=3&amp;resize=150%2C150 450w\" sizes=\"auto, (max-width: 150px) 100vw, 150px\" \/>Falls Sie Interesse an einem Praktikum haben, senden Sie bitte Ihre Bewerbung an<br \/>Sabine H\u00e4\u00dflein<br \/>Stellvertretende P\u00e4dagogische Leitung Montessori Kinderhaus Henisiuspark<br \/><a href=\"mailto:sabine.haesslein@montessori-fuer-kinder.de\">sabine.haesslein@montessori-fuer-kinder.de<\/a><\/p>\r\n<p>\r\n\r\n<\/p>\r\n<p>&nbsp;<\/p>\r\n<p><span style=\"font-size: 1.125rem;\">Bundesfreiwilligendienst<\/span><\/p>\r\n<p>Der Bundesfreiwilligendienst ist ein Angebot an Frauen und M\u00e4nner jedes Alters, sich au\u00dferhalb von Beruf und Schule f\u00fcr das Allgemeinwohl zu engagieren \u2013 im sozialen, \u00f6kologischen und kulturellen Bereich oder im Bereich des Sports, der Integration sowie im Zivil- und Katastrophenschutz.<\/p>\r\n<p>Nat\u00fcrlich bietet auch unser Kinderhaus Ihnen die M\u00f6glichkeit, sich zu engagieren. \u00a0Alle\u00a0Informationen rund um die Bewerbung zum Bundesfreiwilligendienst finden Sie auf der Seite <a href=\"https:\/\/www.freiwilligendienste-bayern.de\/reise\/infos-zur-bewerbung\/\">Der Parit\u00e4tische Bayern<\/a>.<\/p>\r\n<p><img data-recalc-dims=\"1\" loading=\"lazy\" decoding=\"async\" class=\"alignright size-thumbnail wp-image-710\" src=\"https:\/\/i0.wp.com\/www.montessori-fuer-kinder.de\/wordpress\/wp-content\/uploads\/2022\/03\/P1020270-scaled-e1647941434299-150x150.jpg?resize=150%2C150\" alt=\"\" width=\"150\" height=\"150\" srcset=\"https:\/\/i0.wp.com\/www.montessori-fuer-kinder.de\/wordpress\/wp-content\/uploads\/2022\/03\/P1020270-scaled-e1647941434299.jpg?resize=150%2C150 150w, https:\/\/i0.wp.com\/www.montessori-fuer-kinder.de\/wordpress\/wp-content\/uploads\/2022\/03\/P1020270-scaled-e1647941434299.jpg?resize=100%2C100 100w, https:\/\/i0.wp.com\/www.montessori-fuer-kinder.de\/wordpress\/wp-content\/uploads\/2022\/03\/P1020270-scaled-e1647941434299.jpg?zoom=2&amp;resize=150%2C150 300w, https:\/\/i0.wp.com\/www.montessori-fuer-kinder.de\/wordpress\/wp-content\/uploads\/2022\/03\/P1020270-scaled-e1647941434299.jpg?zoom=3&amp;resize=150%2C150 450w\" sizes=\"auto, (max-width: 150px) 100vw, 150px\" \/>Falls Sie Interesse an einem Bundesfreiwilligendienst haben, senden Sie bitte Ihre Bewerbung an<br \/>Sabine H\u00e4\u00dflein<br \/>Stellvertretende P\u00e4dagogische Leitung Montessori Kinderhaus Henisiuspark<br \/><a href=\"mailto:sabine.haesslein@montessori-fuer-kinder.de\">sabine.haesslein@montessori-fuer-kinder.de<\/a><\/p>\r\n<p>\r\n\r\n<\/p>\r\n<p>\r\n\r\n<\/p>\r\n<hr class=\"wp-block-separator\" \/>\r\n<p>\r\n\r\n<\/p>\r\n<p>In unserem <a href=\"http:\/\/www.montessori-fuer-kinder.de\/wordpress\/downloads\/\" target=\"_blank\" rel=\"noopener\">Downloadbereich<\/a> finden Sie die T\u00e4tigkeitsbeschreibungen f\u00fcr Erzieher:in in der Gruppenleitung, Erzieher:in &amp; Kinderpfleger:in und das Leitbild Personalarbeit im Montessori-Kinderhaus. Sie enthalten eine Arbeitsplatzbeschreibung und wesentliche Merkmale der jeweiligen Stellen. Schauen Sie einfach rein.<\/p>\r\n<p>\r\n\r\n<\/p>","protected":false},"excerpt":{"rendered":"<p>Jobs und Praktika im Kinderhaus Das Montessori-Kinderhaus Henisiuspark bietet als langj\u00e4hrig gewachsene und etablierte Elterninitiative rund 150 Kindern im Alter zwischen 10 Monaten und 6 Jahren einen ganzheitlichen Lebens- und Bildungsraum nach den Prinzipien der Montessori-P\u00e4dagogik. Erzieher:innen und Kinderpfleger:innen\u00a0\u00a0(Teil- oder Vollzeit) Wir suchen immer wieder motivierte und engagierte Erzieher:innen und Kinderpfleger:innen f\u00fcr Kindergarten und Krippe &hellip; <\/p>\n<p class=\"link-more\"><a href=\"http:\/\/www.montessori-fuer-kinder.de\/wordpress\/jobs\/\" class=\"more-link\"><span class=\"screen-reader-text\">\u201eJobs\u201c <\/span>weiterlesen<\/a><\/p>\n","protected":false},"author":1,"featured_media":0,"parent":0,"menu_order":0,"comment_status":"closed","ping_status":"closed","template":"","meta":{"footnotes":""},"class_list":["post-67","page","type-page","status-publish","hentry"],"jetpack_sharing_enabled":true,"_links":{"self":[{"href":"http:\/\/www.montessori-fuer-kinder.de\/wordpress\/wp-json\/wp\/v2\/pages\/67","targetHints":{"allow":["GET"]}}],"collection":[{"href":"http:\/\/www.montessori-fuer-kinder.de\/wordpress\/wp-json\/wp\/v2\/pages"}],"about":[{"href":"http:\/\/www.montessori-fuer-kinder.de\/wordpress\/wp-json\/wp\/v2\/types\/page"}],"author":[{"embeddable":true,"href":"http:\/\/www.montessori-fuer-kinder.de\/wordpress\/wp-json\/wp\/v2\/users\/1"}],"replies":[{"embeddable":true,"href":"http:\/\/www.montessori-fuer-kinder.de\/wordpress\/wp-json\/wp\/v2\/comments?post=67"}],"version-history":[{"count":33,"href":"http:\/\/www.montessori-fuer-kinder.de\/wordpress\/wp-json\/wp\/v2\/pages\/67\/revisions"}],"predecessor-version":[{"id":1052,"href":"http:\/\/www.montessori-fuer-kinder.de\/wordpress\/wp-json\/wp\/v2\/pages\/67\/revisions\/1052"}],"wp:attachment":[{"href":"http:\/\/www.montessori-fuer-kinder.de\/wordpress\/wp-json\/wp\/v2\/media?parent=67"}],"curies":[{"name":"wp","href":"https:\/\/api.w.org\/{rel}","templated":true}]}}