{"id":64,"date":"2020-02-03T22:16:32","date_gmt":"2020-02-03T21:16:32","guid":{"rendered":"http:\/\/www.montessori-fuer-kinder.de\/wordpress\/?page_id=64"},"modified":"2020-11-04T21:40:20","modified_gmt":"2020-11-04T20:40:20","slug":"sponsoring","status":"publish","type":"page","link":"http:\/\/www.montessori-fuer-kinder.de\/wordpress\/sponsoring\/","title":{"rendered":"Sponsoring"},"content":{"rendered":"\r\n<h2 class=\"wp-block-heading\">Sponsoring<\/h2>\r\n\r\n\r\n\r\n<p>Auch wenn sich unser Montessori-Kinderhaus Henisiuspark aus Elternbeitr\u00e4gen und staatlichen sowie st\u00e4dtischen F\u00f6rdergeldern tr\u00e4gt, so sind wir doch den zahlreichen Sponsoren \u2013 Institutionen, Unternehmen, Stiftungen und Privatpersonen \u2013 sehr dankbar, die unsere Arbeit seit langer Zeit mit finanziellen Mitteln unterst\u00fctzen.<\/p>\r\n\r\n\r\n\r\n<p>Alle unsere Projekte haben das vorrangige Ziel, die Entwicklungsm\u00f6glichkeiten der von uns betreuten Kinder zu st\u00e4rken.<\/p>\r\n\r\n\r\n\r\n<p>So konnte insbesondere in den letzten Jahren unser naturnahes, gro\u00dfz\u00fcgiges Au\u00dfengel\u00e4nde \u00e4u\u00dferst attraktiv gestaltet werden und auch der \u201eFuhrpark\u201c f\u00fcr unsere Kleinen erneuert werden, was diese mit gro\u00dfer Begeisterung annehmen. Beides tr\u00e4gt dazu bei, dass unsere Kinder ausgesprochen viel im Au\u00dfenbereich spielen, wodurch ihre Beweglichkeit und Motorik gef\u00f6rdert wird.<\/p>\r\n\r\n\r\n\r\n<p>Wenn auch Sie gezielt f\u00f6rdern m\u00f6chten, machen wir Ihnen gerne konkrete Vorschl\u00e4ge mit detaillierten Informationen zu unseren aktuellen Projekten.<\/p>\r\n\r\n\r\n\r\n<p>Als Ansprechpartner steht Ihnen zur Verf\u00fcgung:<\/p>\r\n\r\n\r\n\r\n<p>Vorstand des Tr\u00e4gervereins Montessori f\u00fcr Kinder e.V.<br \/>Christian Oberlander (Verwaltung und Finanzen)<br \/>Tel. 0821 &#8211; 45 03 481 &#8211; 33<br \/>E-Mail:\u00a0<a href=\"mailto:organisation@montessori-fuer-kinder.de\">organisation@montessori-fuer-kinder.de<\/a><\/p>\r\n","protected":false},"excerpt":{"rendered":"<p>Sponsoring Auch wenn sich unser Montessori-Kinderhaus Henisiuspark aus Elternbeitr\u00e4gen und staatlichen sowie st\u00e4dtischen F\u00f6rdergeldern tr\u00e4gt, so sind wir doch den zahlreichen Sponsoren \u2013 Institutionen, Unternehmen, Stiftungen und Privatpersonen \u2013 sehr dankbar, die unsere Arbeit seit langer Zeit mit finanziellen Mitteln unterst\u00fctzen. Alle unsere Projekte haben das vorrangige Ziel, die Entwicklungsm\u00f6glichkeiten der von uns betreuten Kinder &hellip; <\/p>\n<p class=\"link-more\"><a href=\"http:\/\/www.montessori-fuer-kinder.de\/wordpress\/sponsoring\/\" class=\"more-link\"><span class=\"screen-reader-text\">\u201eSponsoring\u201c <\/span>weiterlesen<\/a><\/p>\n","protected":false},"author":1,"featured_media":0,"parent":0,"menu_order":0,"comment_status":"closed","ping_status":"closed","template":"","meta":{"footnotes":""},"class_list":["post-64","page","type-page","status-publish","hentry"],"jetpack_sharing_enabled":true,"_links":{"self":[{"href":"http:\/\/www.montessori-fuer-kinder.de\/wordpress\/wp-json\/wp\/v2\/pages\/64","targetHints":{"allow":["GET"]}}],"collection":[{"href":"http:\/\/www.montessori-fuer-kinder.de\/wordpress\/wp-json\/wp\/v2\/pages"}],"about":[{"href":"http:\/\/www.montessori-fuer-kinder.de\/wordpress\/wp-json\/wp\/v2\/types\/page"}],"author":[{"embeddable":true,"href":"http:\/\/www.montessori-fuer-kinder.de\/wordpress\/wp-json\/wp\/v2\/users\/1"}],"replies":[{"embeddable":true,"href":"http:\/\/www.montessori-fuer-kinder.de\/wordpress\/wp-json\/wp\/v2\/comments?post=64"}],"version-history":[{"count":3,"href":"http:\/\/www.montessori-fuer-kinder.de\/wordpress\/wp-json\/wp\/v2\/pages\/64\/revisions"}],"predecessor-version":[{"id":312,"href":"http:\/\/www.montessori-fuer-kinder.de\/wordpress\/wp-json\/wp\/v2\/pages\/64\/revisions\/312"}],"wp:attachment":[{"href":"http:\/\/www.montessori-fuer-kinder.de\/wordpress\/wp-json\/wp\/v2\/media?parent=64"}],"curies":[{"name":"wp","href":"https:\/\/api.w.org\/{rel}","templated":true}]}}