{"id":48,"date":"2020-02-03T22:07:16","date_gmt":"2020-02-03T21:07:16","guid":{"rendered":"http:\/\/www.montessori-fuer-kinder.de\/wordpress\/?page_id=48"},"modified":"2023-12-10T22:25:37","modified_gmt":"2023-12-10T21:25:37","slug":"impressum","status":"publish","type":"page","link":"http:\/\/www.montessori-fuer-kinder.de\/wordpress\/impressum\/","title":{"rendered":"Impressum"},"content":{"rendered":"\r\n<h1 class=\"wp-block-heading\">Impressum<\/h1>\r\n\r\n\r\n\r\n<p>Montessori-Kinderhaus Henisiuspark<br \/>Henisiusstra\u00dfe 1<br \/>86152 Augsburg<br \/>Tel. 0821 &#8211; 45 03 481 &#8211; 0<br \/>Fax 0821 &#8211; 45 03 481 &#8211; 56<\/p>\r\n\r\n\r\n\r\n<h3>Tr\u00e4ger\u00a0Montessori f\u00fcr Kinder e.V.<\/h3>\r\n<p>Als gemeinn\u00fctzig anerkannt und eingetragen im Vereinsregister des Amtsgerichts Augsburg, Vereinsregisternummer 2239.<\/p>\r\n\r\n\r\n\r\n<p>Vorstand des Tr\u00e4gervereins Montessori f\u00fcr Kinder e.V.<strong><br \/><\/strong>Christian Oberlander (Verwaltung und Finanzen)<br \/>Tel. 0821 &#8211; 45 03 481 &#8211; 33<br \/>E-Mail: <a href=\"mailto:organisation@montessori-fuer-kinder.de\">organisation@montessori-fuer-kinder.de<\/a><\/p>\r\n\r\n\r\n\r\n<p>Heidrun Engelmaier (P\u00e4dagogik)<br \/>Tel. 0821 &#8211; 45 03 481 &#8211; 34<br \/>E-Mail: <a href=\"mailto:info@montessori-fuer-kinder.de\">info@montessori-fuer-kinder.de<\/a><\/p>\r\n\r\n\r\n\r\n<h3>Satzung<\/h3>\r\n\r\n\r\n\r\n<p>Die Satzung unseres Vereins Montessori f\u00fcr Kinder e.V. k\u00f6nnen Sie sich in unserem <a href=\"http:\/\/www.montessori-fuer-kinder.de\/wordpress\/downloads\/\" target=\"_blank\" rel=\"noopener\">Downloadbereich<\/a> herunterladen.<\/p>\r\n\r\n\r\n\r\n<h3>Zust\u00e4ndige Aufsichtsbeh\u00f6rde<\/h3>\r\n\r\n\r\n\r\n<p>Regierung von Schwaben<br \/>Fronhof 10<br \/>86152 Augsburg<br \/>Tel. 0821 &#8211; 327 &#8211; 01<br \/>Fax 0821 &#8211; 327 &#8211; 2289<br \/><a href=\"mailto:poststelle@reg-schw.bayern.de\">poststelle@reg-schw.bayern.de<\/a><\/p>\r\n\r\n\r\n\r\n<h3>Verbraucherstreitschlichtungsverfahren<\/h3>\r\n\r\n\r\n\r\n<p>Der Montessori f\u00fcr Kinder e.V. beteiligt sich nicht am Verbraucherstreitschlichtungsverfahren nach dem Verbraucherstreitbeilegungsgesetz.<\/p>\r\n\r\n\r\n\r\n<h3>Nutzungsrechte Bilder<\/h3>\r\n<p>Wir setzen auf unserer Webseite Abbildungen der Bildagentur <a href=\"http:\/\/istockphoto.de\">istockphoto.de<\/a> und <a href=\"http:\/\/fotolia.de\">fotolia.de<\/a> ein.<\/p>\r\n\r\n\r\n\r\n<h3>Haftungshinweis<\/h3>\r\n<p>Trotz sorgf\u00e4ltiger inhaltlicher Kontrolle \u00fcbernehmen wir keine Haftung f\u00fcr die Inhalte externer Links. F\u00fcr den Inhalt der verlinkten Seiten sind ausschlie\u00dflich deren Betreiber verantwortlich. Bekommen wir Hinweise auf nicht rechtm\u00e4\u00dfige Inhalte auf den verlinkten Seiten, so werden wir nach einer Pr\u00fcfung des Sachverhaltes diesen Link von unserer Seite entfernen.<\/p>\r\n\r\n\r\n\r\n<h3>Einsatz von Google Analytics auf unserer Website<\/h3>\r\n<p>Diese Webseite benutzt Google Analytics, einen Webanalysedienst der Google Inc. (\u201eGoogle\u201c). Google Analytics verwendet sog. \u201eCookies\u201c, Textdateien, die auf Ihrem Computer gespeichert werden und die eine Analyse der Benutzung der Webseite durch Sie erm\u00f6glichen. Die durch den Cookie erzeugten Informationen \u00fcber Ihre Benutzung dieser Webseite werden in der Regel an einen Server von Google in den USA \u00fcbertragen und dort gespeichert. Im Falle der Aktivierung der IP-Anonymisierung auf dieser Webseite, wird Ihre IP-Adresse von Google jedoch innerhalb von Mitgliedstaaten der Europ\u00e4ischen Union oder in anderen Vertragsstaaten des Abkommens \u00fcber den Europ\u00e4ischen Wirtschaftsraum zuvor gek\u00fcrzt. Nur in Ausnahmef\u00e4llen wird die volle IP-Adresse an einen Server von Google in den USA \u00fcbertragen und dort gek\u00fcrzt. Im Auftrag des Betreibers dieser Webseite wird Google diese Informationen benutzen, um Ihre Nutzung der Webseite auszuwerten, um Reports \u00fcber die Webseitenaktivit\u00e4ten zusammenzustellen und um weitere mit der Webseitennutzung und der Internetnutzung verbundene Dienstleistungen gegen\u00fcber dem Webseitenbetreiber zu erbringen. Die im Rahmen von Google Analytics von Ihrem Browser \u00fcbermittelte IP-Adresse wird nicht mit anderen Daten von Google zusammengef\u00fchrt. Sie k\u00f6nnen die Speicherung der Cookies durch eine entsprechende Einstellung Ihrer Browser-Software verhindern; wir weisen Sie jedoch darauf hin, dass Sie in diesem Fall gegebenenfalls nicht s\u00e4mtliche Funktionen dieser Webseite vollumf\u00e4nglich werden nutzen k\u00f6nnen. Sie k\u00f6nnen dar\u00fcber hinaus die Erfassung der durch das Cookie erzeugten und auf Ihre Nutzung der Webseite bezogenen Daten (inkl. Ihrer IP-Adresse) an Google sowie die Verarbeitung dieser Daten durch Google verhindern, indem sie das unter dem folgenden Link (<a href=\"http:\/\/tools.google.com\/dlpage\/gaoptout?hl=de\">http:\/\/tools.google.com\/dlpage\/gaoptout?hl=de<\/a>) verf\u00fcgbare Browser-Plugin herunterladen und installieren.<\/p>\r\n\r\n\r\n\r\n<p>N\u00e4here Informationen zu Nutzungsbedingungen und Datenschutz finden Sie unter <a href=\"https:\/\/www.google.de\/intl\/de\/policies\/\">https:\/\/www.google.de\/intl\/de\/policies\/<\/a>. Wir weisen Sie darauf hin, dass auf dieser Webseite Google Analytics um den Code \u201egat._anonymizeIp();\u201c erweitert wurde, um eine anonymisierte Erfassung von IP-Adressen (sog. IP-Masking) zu gew\u00e4hrleisten.<\/p>\r\n\r\n\r\n\r\n<p>Quelle: <a href=\"http:\/\/www.datenschutzbeauftragter-info.de\/\">www.datenschutzbeauftragter-info.de<\/a><\/p>\r\n\r\n\r\n\r\n<p>Weitere Informationen zu Google Analytics finden Sie auch auf der Ratgeber-Seite <a href=\"http:\/\/www.techfacts.de\/ratgeber\/google-analytics-datenerhebung\">techfacts.de.<\/a><\/p>\r\n","protected":false},"excerpt":{"rendered":"<p>Impressum Montessori-Kinderhaus HenisiusparkHenisiusstra\u00dfe 186152 AugsburgTel. 0821 &#8211; 45 03 481 &#8211; 0Fax 0821 &#8211; 45 03 481 &#8211; 56 Tr\u00e4ger\u00a0Montessori f\u00fcr Kinder e.V. Als gemeinn\u00fctzig anerkannt und eingetragen im Vereinsregister des Amtsgerichts Augsburg, Vereinsregisternummer 2239. Vorstand des Tr\u00e4gervereins Montessori f\u00fcr Kinder e.V.Christian Oberlander (Verwaltung und Finanzen)Tel. 0821 &#8211; 45 03 481 &#8211; 33E-Mail: organisation@montessori-fuer-kinder.de Heidrun &hellip; <\/p>\n<p class=\"link-more\"><a href=\"http:\/\/www.montessori-fuer-kinder.de\/wordpress\/impressum\/\" class=\"more-link\"><span class=\"screen-reader-text\">\u201eImpressum\u201c <\/span>weiterlesen<\/a><\/p>\n","protected":false},"author":1,"featured_media":0,"parent":0,"menu_order":0,"comment_status":"closed","ping_status":"closed","template":"","meta":{"footnotes":""},"class_list":["post-48","page","type-page","status-publish","hentry"],"jetpack_sharing_enabled":true,"_links":{"self":[{"href":"http:\/\/www.montessori-fuer-kinder.de\/wordpress\/wp-json\/wp\/v2\/pages\/48","targetHints":{"allow":["GET"]}}],"collection":[{"href":"http:\/\/www.montessori-fuer-kinder.de\/wordpress\/wp-json\/wp\/v2\/pages"}],"about":[{"href":"http:\/\/www.montessori-fuer-kinder.de\/wordpress\/wp-json\/wp\/v2\/types\/page"}],"author":[{"embeddable":true,"href":"http:\/\/www.montessori-fuer-kinder.de\/wordpress\/wp-json\/wp\/v2\/users\/1"}],"replies":[{"embeddable":true,"href":"http:\/\/www.montessori-fuer-kinder.de\/wordpress\/wp-json\/wp\/v2\/comments?post=48"}],"version-history":[{"count":6,"href":"http:\/\/www.montessori-fuer-kinder.de\/wordpress\/wp-json\/wp\/v2\/pages\/48\/revisions"}],"predecessor-version":[{"id":915,"href":"http:\/\/www.montessori-fuer-kinder.de\/wordpress\/wp-json\/wp\/v2\/pages\/48\/revisions\/915"}],"wp:attachment":[{"href":"http:\/\/www.montessori-fuer-kinder.de\/wordpress\/wp-json\/wp\/v2\/media?parent=48"}],"curies":[{"name":"wp","href":"https:\/\/api.w.org\/{rel}","templated":true}]}}