{"id":39,"date":"2020-02-03T21:41:56","date_gmt":"2020-02-03T20:41:56","guid":{"rendered":"http:\/\/www.montessori-fuer-kinder.de\/wordpress\/?page_id=39"},"modified":"2023-12-10T22:50:40","modified_gmt":"2023-12-10T21:50:40","slug":"verein","status":"publish","type":"page","link":"http:\/\/www.montessori-fuer-kinder.de\/wordpress\/verein\/","title":{"rendered":"Verein"},"content":{"rendered":"\r\n<h2 class=\"wp-block-heading\">Der Tr\u00e4gerverein &#8222;Montessori f\u00fcr Kinder e.V.&#8220;<\/h2>\r\n\r\n\r\n\r\n<p>Das Montessori-Kinderhaus Henisiuspark befindet sich in privater Tr\u00e4gerschaft. Als Tr\u00e4gerverein fungiert der gemeinn\u00fctzige \u201eMontessori f\u00fcr Kinder e.V.\u201c, welcher \u00fcber langj\u00e4hrige Erfahrungen in der Tr\u00e4gerschaft einer Kindertagesst\u00e4tte mit Krippe und Kindergarten verf\u00fcgt. Der \u201eMontessori f\u00fcr Kinder e.V.\u201c wurde bereits 1998 gegr\u00fcndet und ist seinerseits Nachfolger des im selben Jahr aufgel\u00f6sten Vorg\u00e4ngervereins \u201eElterninitiative Montessori Kindergruppe e.V.\u201c<\/p>\r\n\r\n\r\n\r\n<p>Satzungsgem\u00e4\u00dfes Vereinsziel ist die F\u00f6rderung, Verwirklichung und Verbreitung der Montessori-P\u00e4dagogik durch die Einrichtung und den Betrieb von Montessori-Krippen- und Kindergartengruppen f\u00fcr Kinder im Alter von ein bis sechs Jahren.<\/p>\r\n\r\n\r\n\r\n<p>Der Montessori f\u00fcr Kinder e.V. betreibt unter dem Dach des Montessori-Kinderhauses vier Kleinkindgruppen und vier Kindergartengruppen im heutigen Henisiuspark, fr\u00fcher besser unter der Bezeichnung &#8222;Altes Hauptkrankenhaus&#8220; bekannt. Die Immobilie wurde in den Jahren 2011-2012 kernsaniert und ist ein denkmalgesch\u00fctztes Kleinod im Herzen von Augsburg-Stadtmitte.<\/p>\r\n\r\n\r\n\r\n<p>Der Verein wird vertreten durch einen hauptamtlichen Vorstand.<\/p>\r\n\r\n\r\n\r\n<p>Der Verein steht satzungsgem\u00e4\u00df jeder nat\u00fcrlichen und juristischen Person offen, die die Ziele des Vereins unterst\u00fctzen m\u00f6chten. Der Verein z\u00e4hlt derzeit ca. 100 Mitglieder, die zum Gro\u00dfteil gleichzeitig auch Eltern der im Kinderhaus betreuten Kinder sind. Der Verein finanziert sich durch Mitgliedsbeitr\u00e4ge, Geld- und Sachspenden sowie Einnahmen aus organisierten Veranstaltungen.<\/p>\r\n\r\n\r\n\r\n<p>Der Montessori f\u00fcr Kinder e.V. ist Mitglied im Montessori-Landesverband Bayern und unterst\u00fctzt intensiv die Vernetzung der verschiedenen Augsburger Montessori-Einrichtungen, um eine durchg\u00e4ngige montessorip\u00e4dagogische Erziehung, Bildung und Betreuung vom ersten Lebensjahr bis zum Schulabschluss zu gew\u00e4hrleisten.<\/p>\r\n\r\n\r\n\r\n<p>Die Satzung unseres Vereins Montessori f\u00fcr Kinder e.V. k\u00f6nnen Sie sich in unserem <a href=\"http:\/\/www.montessori-fuer-kinder.de\/wordpress\/downloads\/\">Downloadbereich<\/a> herunterladen.<\/p>\r\n\r\n\r\n\r\n<h3 class=\"wp-block-heading\">Vorstand<\/h3>\r\n\r\n\r\n\r\n<p>F\u00fcr Fragen steht Ihnen der Vorstand gerne zur Verf\u00fcgung:<br \/>\u00a0&#8211; \u00a0Christian Oberlander<br \/>\u00a0&#8211; \u00a0Heidrun Engelmaier<\/p>\r\n\r\n\r\n\r\n\r\n\r\n<h3 class=\"wp-block-heading\">Ein Blick zur\u00fcck in die Vereinsgeschichte<\/h3>\r\n\r\n\r\n\r\n<p>Im Jahr 1987 wurde der Verein \u201eElterninitiative Montessori Kindergruppe e.V.\u201c von einer Gruppe engagierter Eltern gegr\u00fcndet, welcher mit zwei Kleinkindgruppen (\u201eKrippe\u201c) \u2013 lange vor dem allgemeinen Krippenboom &#8211; die Betreuung von Kindern im Sinne der Montessori P\u00e4dagogik initiierte und das Montessori-Kinderhaus ins Leben rief. 1997 wurde dieser urspr\u00fcngliche Verein aufgel\u00f6st und zeitgleich der jetzige Tr\u00e4gerverein \u201eMontessori f\u00fcr Kinder e.V.\u201c gegr\u00fcndet. 2001 kam es zu einem Zusammenschluss mit dem Arbeiter-Samariter-Bund, so dass die Tr\u00e4gerschaft nun durch eine Tr\u00e4gerkooperation von MfK und ASB erfolgte.<\/p>\r\n\r\n\r\n\r\n<p>Das Montessori-Kinderhaus gewann zunehmend an Interesse von Seiten der Augsburger Elternschaft, so dass es im Jahr 2002 zu einer Erweiterung im Krippenbereich und zur Gr\u00fcndung der ersten Kindergartengruppe kam. Das Kinderhaus konnte nun in der Krippe eine Betreuung in einer Vormittagsgruppe (\u201eTigergruppe\u201c), einer Nachmittagsgruppe (\u201eB\u00e4rengruppe\u201c) sowie einer verl\u00e4ngerten Vormittagsgruppe (\u201eMarienk\u00e4fer\u201c) anbieten. Im selben Jahr wurde zus\u00e4tzlich eine Kindergartengruppe (\u201eSonnengruppe\u201c) ins Leben gerufen, um auch nach der Krippenzeit eine weitere Betreuung nach den Grunds\u00e4tzen der Montessori P\u00e4dagogik zu erm\u00f6glichen. 2004 wurde der Kindergartenbereich um eine weitere Gruppe (\u201eSternengruppe\u201c) vergr\u00f6\u00dfert. Ab dem Kinderhausjahr 2007 \u00fcbernahm der Montessori f\u00fcr Kinder e.V. wieder die alleinige Tr\u00e4gerschaft.<\/p>\r\n\r\n\r\n\r\n<p>Im Jahr 2010 wurde aufgrund der beginnenden Sanierungsma\u00dfnahmen am Standort des Montessori-Kinderhauses, dem so genannten \u201eAlten Hauptkrankenhaus\u201c, ein Umzug in eine sogenannte Interimsl\u00f6sung innerhalb der Immobilie n\u00f6tig. Zugleich wurde der Krippenbereich umstrukturiert. Nachdem die Nachfrage nach einer reinen Nachmittagsgruppe r\u00fcckl\u00e4ufig war und von Seiten der Eltern mehr und mehr auch eine Betreuung \u00fcber den Vormittag hinaus gew\u00fcnscht wurde, wurden die Vormittags- und die Nachmittagsgruppe zu einer Gruppe zusammengeschlossen (\u201eTigergruppe\u201c) und es wurde zus\u00e4tzlich zur verl\u00e4ngerten Vormittagsgruppe (\u201eMarienk\u00e4fergruppe\u201c) eine weitere Krippengruppe (\u201eBr\u00fcckengruppe\u201c) er\u00f6ffnet. Die Betreuung erfolgte zu diesem Zeitpunkt nun in drei Krippen- und 2 Kindergartengruppen.<\/p>\r\n\r\n\r\n\r\n<p>Da sich die Umbauma\u00dfnahmen l\u00e4nger hinzogen als geplant, mussten die geplanten und aufgrund steigender Nachfrage dringend ben\u00f6tigten weiteren Krippen- und Kindergartengruppen noch im Provisorium der Interimsl\u00f6sung an den Start gehen.<\/p>\r\n\r\n\r\n\r\n<p>Ab dem Kinderhausjahr 2011\/12 hatte das Kinderhaus dann seine jetzige Gr\u00f6\u00dfe erreicht: Der Krippenbereich umfasst vier Krippengruppen mit insgesamt 48 Pl\u00e4tzen f\u00fcr Kinder unter drei Jahren. Der Kindergarten besteht aus vier Gruppen mit insgesamt 100 Pl\u00e4tzen f\u00fcr Kinder ab drei Jahren. Ab diesem Kinderhausjahr war dann auch das besondere p\u00e4dagogische Modell des Kinderhauses im Krippenbereich etabliert: neben einer Krippengruppe, die dem \u00fcblichem altersheterogenen Schema folgend Kinder im Alter von 1 bis 3 Jahren aufnahm, wurde nach einem langen Planungsprozess, der auch von externen Experten begleitet wurde, im Krippenbereich eine Differenzierung nach altershomogenen Gruppen vorgenommen, so dass die heutige K\u00fckengruppe die Kleinsten (Aufnahmealter 10 &#8211; 18 Monate) betreut, die Tigergruppe auf die n\u00e4chste Altersgruppe (Aufnahmealter 18 &#8211; 35 Monate) spezialisiert ist und die Br\u00fcckengruppe den schon etwas \u00e4lteren Krippenkinder (Aufnahmealter ab 24 Monaten) einen sanften \u00dcbergang in den Kindergarten erm\u00f6glicht. Zugleich wurde und wird durch r\u00e4umliche und p\u00e4dagogische Ma\u00dfnahmen jedoch auch sichergestellt, dass durch gruppen\u00fcbergreifende Kontakte auch immer ein Miteinander von j\u00fcngeren und \u00e4lteren Kindern m\u00f6glich ist.<\/p>\r\n\r\n\r\n\r\n<p>Im M\u00e4rz 2012 konnte das Montessori-Kinderhaus nach zwei Jahren in der Interimsl\u00f6sung dann endlich seine komplett sanierten R\u00e4ume im ehemaligen Alten Hauptkrankenhaus in Besitz nehmen. Die gesamte Immobilie, in der neben dem Kinderhaus auch das Staatsinstitut f\u00fcr die Fachlehrerausbildung sowie der Ulrichsverlag untergebracht sind, firmiert seitdem unter der Bezeichnung \u201eHenisiuspark\u201c, sodass im Jahr 2014 eine Umbenennung in \u201eMontessori-Kinderhaus Henisiuspark\u201c erfolgte.<\/p>\r\n","protected":false},"excerpt":{"rendered":"<p>Der Tr\u00e4gerverein &#8222;Montessori f\u00fcr Kinder e.V.&#8220; Das Montessori-Kinderhaus Henisiuspark befindet sich in privater Tr\u00e4gerschaft. Als Tr\u00e4gerverein fungiert der gemeinn\u00fctzige \u201eMontessori f\u00fcr Kinder e.V.\u201c, welcher \u00fcber langj\u00e4hrige Erfahrungen in der Tr\u00e4gerschaft einer Kindertagesst\u00e4tte mit Krippe und Kindergarten verf\u00fcgt. Der \u201eMontessori f\u00fcr Kinder e.V.\u201c wurde bereits 1998 gegr\u00fcndet und ist seinerseits Nachfolger des im selben Jahr aufgel\u00f6sten &hellip; <\/p>\n<p class=\"link-more\"><a href=\"http:\/\/www.montessori-fuer-kinder.de\/wordpress\/verein\/\" class=\"more-link\"><span class=\"screen-reader-text\">\u201eVerein\u201c <\/span>weiterlesen<\/a><\/p>\n","protected":false},"author":1,"featured_media":0,"parent":0,"menu_order":0,"comment_status":"closed","ping_status":"closed","template":"","meta":{"footnotes":""},"class_list":["post-39","page","type-page","status-publish","hentry"],"jetpack_sharing_enabled":true,"_links":{"self":[{"href":"http:\/\/www.montessori-fuer-kinder.de\/wordpress\/wp-json\/wp\/v2\/pages\/39","targetHints":{"allow":["GET"]}}],"collection":[{"href":"http:\/\/www.montessori-fuer-kinder.de\/wordpress\/wp-json\/wp\/v2\/pages"}],"about":[{"href":"http:\/\/www.montessori-fuer-kinder.de\/wordpress\/wp-json\/wp\/v2\/types\/page"}],"author":[{"embeddable":true,"href":"http:\/\/www.montessori-fuer-kinder.de\/wordpress\/wp-json\/wp\/v2\/users\/1"}],"replies":[{"embeddable":true,"href":"http:\/\/www.montessori-fuer-kinder.de\/wordpress\/wp-json\/wp\/v2\/comments?post=39"}],"version-history":[{"count":5,"href":"http:\/\/www.montessori-fuer-kinder.de\/wordpress\/wp-json\/wp\/v2\/pages\/39\/revisions"}],"predecessor-version":[{"id":926,"href":"http:\/\/www.montessori-fuer-kinder.de\/wordpress\/wp-json\/wp\/v2\/pages\/39\/revisions\/926"}],"wp:attachment":[{"href":"http:\/\/www.montessori-fuer-kinder.de\/wordpress\/wp-json\/wp\/v2\/media?parent=39"}],"curies":[{"name":"wp","href":"https:\/\/api.w.org\/{rel}","templated":true}]}}