{"id":221,"date":"2020-10-05T21:54:56","date_gmt":"2020-10-05T19:54:56","guid":{"rendered":"http:\/\/www.montessori-fuer-kinder.de\/wordpress\/?page_id=221"},"modified":"2024-11-05T10:23:14","modified_gmt":"2024-11-05T09:23:14","slug":"ernaehrung-2","status":"publish","type":"page","link":"http:\/\/www.montessori-fuer-kinder.de\/wordpress\/ernaehrung-2\/","title":{"rendered":"Ern\u00e4hrung"},"content":{"rendered":"<h2>Gesunde Ern\u00e4hrung f\u00fcr Leckerschmecker<\/h2>\r\n<!-- \/wp:post-content -->\r\n\r\n<!-- wp:paragraph -->\r\n<p>Elementar f\u00fcr die Entwicklung eines Kindes ist eine gesunde Ern\u00e4hrung, verbunden mit einer m\u00f6glichst fr\u00fchen Erziehung zu bewusstem Genuss und nachhaltigem Umgang mit Lebensmitteln. Deshalb ist dieses Thema nicht nur eine Herzensangelegenheit des Montessori Kinderhauses Henisiuspark, sondern auch fest in unserem p\u00e4dagogischen Konzept verankert.<\/p>\r\n<!-- \/wp:paragraph -->\r\n\r\n<!-- wp:image {\"id\":24,\"sizeSlug\":\"large\"} -->\r\n<figure class=\"wp-block-image size-large\"><img data-recalc-dims=\"1\" loading=\"lazy\" decoding=\"async\" width=\"525\" height=\"266\" class=\"wp-image-24\" src=\"https:\/\/i0.wp.com\/www.montessori-fuer-kinder.de\/wordpress\/wp-content\/uploads\/2020\/02\/MG_2014-770x390-1.jpg?resize=525%2C266\" alt=\"\" srcset=\"https:\/\/i0.wp.com\/www.montessori-fuer-kinder.de\/wordpress\/wp-content\/uploads\/2020\/02\/MG_2014-770x390-1.jpg?w=770 770w, https:\/\/i0.wp.com\/www.montessori-fuer-kinder.de\/wordpress\/wp-content\/uploads\/2020\/02\/MG_2014-770x390-1.jpg?resize=300%2C152 300w, https:\/\/i0.wp.com\/www.montessori-fuer-kinder.de\/wordpress\/wp-content\/uploads\/2020\/02\/MG_2014-770x390-1.jpg?resize=768%2C389 768w\" sizes=\"auto, (max-width: 767px) 89vw, (max-width: 1000px) 54vw, (max-width: 1071px) 543px, 580px\" \/><\/figure>\r\n<!-- \/wp:image -->\r\n\r\n<!-- wp:heading {\"level\":4} \/-->\r\n\r\n<!-- wp:image {\"id\":126,\"sizeSlug\":\"large\"} \/-->\r\n\r\n<!-- wp:paragraph \/-->\r\n\r\n<!-- wp:paragraph \/-->\r\n\r\n<!-- wp:image {\"id\":125,\"sizeSlug\":\"large\"} \/-->\r\n\r\n<!-- wp:heading {\"level\":4} -->\r\n<h3>Entwicklung eines Ern\u00e4hrungsleitfadens<\/h3>\r\n<!-- \/wp:heading -->\r\n\r\n<!-- wp:paragraph -->\r\n<p>Bereits im Jahr 2010\/11 entwickelte die Arbeitsgruppe \u201eGesunde Ern\u00e4hrung im Montessori Kinderhaus\u201c einen Ern\u00e4hrungsleitfaden, den wir laufend weiter entwickeln und aktuellen Erkenntnissen anpassen. <br \/><br \/>Die wichtigsten Elemente sind Themen wie:<\/p>\r\n<!-- \/wp:paragraph -->\r\n\r\n<!-- wp:list -->\r\n<ul>\r\n<li style=\"list-style-type: none;\">\r\n<ul>\r\n<li>alle Zutaten ausschlie\u00dflich in Bio-Qualit\u00e4t (mindestens EG-Norm)<\/li>\r\n<li>keine Verwendung von Produkten mit Glutamaten, Geschmacksverst\u00e4rkern, k\u00fcnstlichen Farb- und Konservierungsstoffen<\/li>\r\n<li>gesunde, vollwertige Brotzeiten<\/li>\r\n<li>keine S\u00fc\u00dfigkeiten oder \u201eKinderlebensmittel\u201c (wie Fruchtzwerge)<\/li>\r\n<li>Ber\u00fccksichtigung von Allergien, Lebensmittelunvertr\u00e4glichkeiten, Religion und Ethik<\/li>\r\n<li>strikte Einhaltung der Lebensmittelhygieneverordnung.<\/li>\r\n<\/ul>\r\n<\/li>\r\n<\/ul>\r\n<!-- \/wp:list -->\r\n\r\n<!-- wp:paragraph -->\r\n<p>Den kompletten Ern\u00e4hrungsleitfaden k\u00f6nnen Sie in unserem <a href=\"http:\/\/www.montessori-fuer-kinder.de\/wordpress\/downloads\/\" target=\"_blank\" rel=\"noopener\">Downloadbereich<\/a> herunterladen.<\/p>\r\n<p><img data-recalc-dims=\"1\" loading=\"lazy\" decoding=\"async\" width=\"525\" height=\"266\" class=\"wp-image-125\" src=\"https:\/\/i0.wp.com\/www.montessori-fuer-kinder.de\/wordpress\/wp-content\/uploads\/2020\/02\/MG_2003-770x390-1.jpg?resize=525%2C266\" alt=\"\" srcset=\"https:\/\/i0.wp.com\/www.montessori-fuer-kinder.de\/wordpress\/wp-content\/uploads\/2020\/02\/MG_2003-770x390-1.jpg?w=770 770w, https:\/\/i0.wp.com\/www.montessori-fuer-kinder.de\/wordpress\/wp-content\/uploads\/2020\/02\/MG_2003-770x390-1.jpg?resize=300%2C152 300w, https:\/\/i0.wp.com\/www.montessori-fuer-kinder.de\/wordpress\/wp-content\/uploads\/2020\/02\/MG_2003-770x390-1.jpg?resize=768%2C389 768w\" sizes=\"auto, (max-width: 767px) 89vw, (max-width: 1000px) 54vw, (max-width: 1071px) 543px, 580px\" \/><\/p>\r\n<!-- \/wp:paragraph -->\r\n\r\n<!-- wp:heading {\"level\":4} \/-->\r\n\r\n<!-- wp:image {\"id\":27,\"sizeSlug\":\"large\"} \/-->\r\n\r\n","protected":false},"excerpt":{"rendered":"<p>Gesunde Ern\u00e4hrung f\u00fcr Leckerschmecker Elementar f\u00fcr die Entwicklung eines Kindes ist eine gesunde Ern\u00e4hrung, verbunden mit einer m\u00f6glichst fr\u00fchen Erziehung zu bewusstem Genuss und nachhaltigem Umgang mit Lebensmitteln. Deshalb ist dieses Thema nicht nur eine Herzensangelegenheit des Montessori Kinderhauses Henisiuspark, sondern auch fest in unserem p\u00e4dagogischen Konzept verankert. Entwicklung eines Ern\u00e4hrungsleitfadens Bereits im Jahr 2010\/11 &hellip; <\/p>\n<p class=\"link-more\"><a href=\"http:\/\/www.montessori-fuer-kinder.de\/wordpress\/ernaehrung-2\/\" class=\"more-link\"><span class=\"screen-reader-text\">\u201eErn\u00e4hrung\u201c <\/span>weiterlesen<\/a><\/p>\n","protected":false},"author":1,"featured_media":0,"parent":0,"menu_order":0,"comment_status":"closed","ping_status":"closed","template":"","meta":{"footnotes":""},"class_list":["post-221","page","type-page","status-publish","hentry"],"jetpack_sharing_enabled":true,"_links":{"self":[{"href":"http:\/\/www.montessori-fuer-kinder.de\/wordpress\/wp-json\/wp\/v2\/pages\/221","targetHints":{"allow":["GET"]}}],"collection":[{"href":"http:\/\/www.montessori-fuer-kinder.de\/wordpress\/wp-json\/wp\/v2\/pages"}],"about":[{"href":"http:\/\/www.montessori-fuer-kinder.de\/wordpress\/wp-json\/wp\/v2\/types\/page"}],"author":[{"embeddable":true,"href":"http:\/\/www.montessori-fuer-kinder.de\/wordpress\/wp-json\/wp\/v2\/users\/1"}],"replies":[{"embeddable":true,"href":"http:\/\/www.montessori-fuer-kinder.de\/wordpress\/wp-json\/wp\/v2\/comments?post=221"}],"version-history":[{"count":10,"href":"http:\/\/www.montessori-fuer-kinder.de\/wordpress\/wp-json\/wp\/v2\/pages\/221\/revisions"}],"predecessor-version":[{"id":1024,"href":"http:\/\/www.montessori-fuer-kinder.de\/wordpress\/wp-json\/wp\/v2\/pages\/221\/revisions\/1024"}],"wp:attachment":[{"href":"http:\/\/www.montessori-fuer-kinder.de\/wordpress\/wp-json\/wp\/v2\/media?parent=221"}],"curies":[{"name":"wp","href":"https:\/\/api.w.org\/{rel}","templated":true}]}}