{"id":207,"date":"2020-09-28T21:07:24","date_gmt":"2020-09-28T19:07:24","guid":{"rendered":"http:\/\/www.montessori-fuer-kinder.de\/wordpress\/?page_id=207"},"modified":"2026-03-31T09:01:22","modified_gmt":"2026-03-31T07:01:22","slug":"aktuelles","status":"publish","type":"page","link":"http:\/\/www.montessori-fuer-kinder.de\/wordpress\/aktuelles\/","title":{"rendered":"Aktuelles"},"content":{"rendered":"<h2>Kinderstiftung Schwaben<\/h2>\n<p><b>Nachhaltige Unterst\u00fctzung f\u00fcr die Montessori-P\u00e4dagogik durch die Kinderstiftung Schwaben<\/b><b><\/b><\/p>\n<p>Der Montessori f\u00fcr Kinder e.V. Augsburg betreibt in zentraler Lage im Henisiuspark eines der gr\u00f6\u00dften Kinderh\u00e4user in privater Tr\u00e4gerschaft. Hier wird die Montessori-P\u00e4dagogik sowie andere alternative p\u00e4dagogische Konzepte zur Entwicklungsf\u00f6rderung von Kindern und Jugendlichen verwirklicht.<\/p>\n<p>Herr Oberlander, neben Frau Engelmaier einer der gesch\u00e4ftsf\u00fchrenden Vorst\u00e4nde des Vereins, ist \u00fcberzeugt: \u201eDie Zukunft geh\u00f6rt unseren Kindern\u201c. Aus diesem Grund hat er gemeinsam mit anderen Unterst\u00fctzern und engagierten Eltern des Kinderhauses die Kinderstiftung Schwaben in der HAUS DER STIFTER \u2013 Stiftergemeinschaft der Stadtsparkasse Augsburg eingerichtet, denn &#8222;durch die Stiftung soll dauerhaft ein Beitrag zur Sicherung der Arbeit nach der Montessori-P\u00e4dagogik in Augsburg gew\u00e4hrleistet werden&#8220;. Die Kinderstiftung Schwaben unterst\u00fctzt n\u00e4mlich die F\u00f6rderung und Verwirklichung der Montessori-P\u00e4dagogik sowie anderer alternativer p\u00e4dagogischer Konzepte zur Entwicklungsf\u00f6rderung von Kindern und Jugendlichen. Ein besonderer Fokus liegt auf Projekten f\u00fcr Kinder mit Integrationsbedarf in gemeinn\u00fctzigen Einrichtungen freier Tr\u00e4ger.<\/p>\n<p>Damit diese Projekte auch nachhaltig realisiert werden k\u00f6nnen, braucht es aber weitere Unterst\u00fctzer, denn die jeweiligen Tr\u00e4ger k\u00f6nnen derartige Investitionen oft nicht alleine stemmen. Dank der neuen Kinderstiftung Schwaben kann jetzt jeder seinen Beitrag leisten und langfristig helfen, sei es durch Zuwendungen ins Stiftungsverm\u00f6gen zu Lebzeiten oder durch testamentarische Verf\u00fcgungen. Auch Spenden an die Kinderstiftung Schwaben sind m\u00f6glich, sie werden zeitnah verwendet und gew\u00e4hrleisten die t\u00e4gliche Arbeit.<\/p>\n<p><b>Spendenkonto:<\/b><br \/>\nHAUS DER STIFTER \u2013 Stiftergemeinschaft der Stadtsparkasse Augsburg<br \/>\n<b>IBAN:<\/b> DE03 7205 0000 0000 0781 21<br \/>\n<b>Verwendungszweck:<\/b> Spende bzw. Zuwendung Kinderstiftung Schwaben<\/p>\n<p>Weitere Informationen: <a href=\"http:\/\/www.haus-der-stifter-augsburg.de\/\">www.haus-der-stifter-augsburg.de<\/a><\/p>\n<p><img data-recalc-dims=\"1\" loading=\"lazy\" decoding=\"async\" class=\"alignnone size-full wp-image-1073\" src=\"https:\/\/i0.wp.com\/www.montessori-fuer-kinder.de\/wordpress\/wp-content\/uploads\/2025\/09\/Bild1.jpeg?resize=525%2C397\" alt=\"\" width=\"525\" height=\"397\" srcset=\"https:\/\/i0.wp.com\/www.montessori-fuer-kinder.de\/wordpress\/wp-content\/uploads\/2025\/09\/Bild1.jpeg?w=1062 1062w, https:\/\/i0.wp.com\/www.montessori-fuer-kinder.de\/wordpress\/wp-content\/uploads\/2025\/09\/Bild1.jpeg?resize=300%2C227 300w, https:\/\/i0.wp.com\/www.montessori-fuer-kinder.de\/wordpress\/wp-content\/uploads\/2025\/09\/Bild1.jpeg?resize=1024%2C774 1024w, https:\/\/i0.wp.com\/www.montessori-fuer-kinder.de\/wordpress\/wp-content\/uploads\/2025\/09\/Bild1.jpeg?resize=768%2C581 768w\" sizes=\"auto, (max-width: 767px) 89vw, (max-width: 1000px) 54vw, (max-width: 1071px) 543px, 580px\" \/><\/p>\n<p>Strahlende Gesichter bei der Urkunden\u00fcbergabe (v. r. n. l. Ramona Koppe, Stephan H\u00fcwe Huestel GmbH, Christian Oberlander &#8211; Montessori f\u00fcr Kinder e. V., Dr. Kristina Schneid &#8211; Zahn\u00e4rzte am Diako, Charlotte Walch<\/p>\n<p>Nicht auf dem Foto:<br \/>\nDaniel Strohschneider, Michael Oberlander, Dr. Karl Breitschaft, Christoph Arndt, Patrick B\u00e4umle)<\/p>\n<p><b>Gemeinsam:<\/b> Die Stiftung \u201eHAUS DER STIFTER &#8211; Stiftergemeinschaft der Stadtsparkasse Augsburg\u201c b\u00fcndelt das Wirken vieler Stifter und F\u00f6rderer in unserer Region f\u00fcr verschiedenste Zwecke unter einem Dach. Stifter haben die M\u00f6glichkeit, gemeinn\u00fctzige Projekte aus unterschiedlichen Bereichen in der Region mit ihrer pers\u00f6nlichen Namensstiftung, mit Zuwendungen zum Stiftungsverm\u00f6gen oder durch Zuwendungen zur zeitnahen Zweckverwirklichung (Spenden) zu unterst\u00fctzen.<\/p>\n<p><b>Individuell:<\/b> Stifter in der \u201eHAUS DER STIFTER &#8211; Stiftergemeinschaft der Stadtsparkasse Augsburg\u201c bestimmen bei einer Stiftung im eigenen Namen individuell die zu f\u00f6rdernden steuerbeg\u00fcnstigten Einrichtungen. Das Spektrum reicht von Jugendhilfeeinrichtungen und Sport \u00fcber Gesundheitswesen bis zu Naturschutz. Der Stiftungszweck kann jederzeit an ge\u00e4nderte Bedingungen angepasst werden. Die Errichtung einer Stiftung im eigenen Namen in der \u201eHAUS DER STIFTER &#8211; Stiftergemeinschaft der Stadtsparkasse Augsburg\u201c ist mit wenigen Unterschriften ganz einfach m\u00f6glich.<\/p>\n<p><b>Pers\u00f6nlich:<\/b> Die Stiftung in der \u201eHAUS DER STIFTER \u2013 Stiftergemeinschaft der Stadtsparkasse Augsburg\u201c kann den Namen der Stifter tragen oder kann \u00fcber die Namensgebung an bereits verstorbene Angeh\u00f6rige erinnern. Stifter k\u00f6nnen ihre Stiftung pers\u00f6nlich repr\u00e4sentieren oder anonym f\u00fcr unser Gemeinwohl wirken.<\/p>\n<hr \/>\n<h2>Schlie\u00dftage 2025\/26<\/h2>\n<p>\n<table id=\"tablepress-4\" class=\"tablepress tablepress-id-4\">\n<tbody>\n<tr class=\"row-1\">\n\t<td class=\"column-1\">Weihnachten<\/td><td class=\"column-2\">22.12.2025-05.01.2026<\/td>\n<\/tr>\n<tr class=\"row-2\">\n\t<td class=\"column-1\">Sommerferien<\/td><td class=\"column-2\">10.08.2026-31.08.2026<\/td>\n<\/tr>\n<tr class=\"row-3\">\n\t<td class=\"column-1\">Teamtage<\/td><td class=\"column-2\">17.10.2026<br \/>\n14.11.2026<br \/>\n20.02.2026<br \/>\n24.04.2026<br \/>\n03.07.2026<\/td>\n<\/tr>\n<\/tbody>\n<\/table>\n<!-- #tablepress-4 from cache --><br \/>\nBitte beachtet, dass wir am letzten Kinderhaustag, den 7. August 2026 fr\u00fcher schlie\u00dfen. Deswegen holt bitte die Krippenkinder bis 12:00 Uhr und die Kindergartenkinder bis 14:00 Uhr ab. Vielen Dank!<\/p>\n<p>&nbsp;<\/p>\n","protected":false},"excerpt":{"rendered":"<p>Kinderstiftung Schwaben Nachhaltige Unterst\u00fctzung f\u00fcr die Montessori-P\u00e4dagogik durch die Kinderstiftung Schwaben Der Montessori f\u00fcr Kinder e.V. Augsburg betreibt in zentraler Lage im Henisiuspark eines der gr\u00f6\u00dften Kinderh\u00e4user in privater Tr\u00e4gerschaft. Hier wird die Montessori-P\u00e4dagogik sowie andere alternative p\u00e4dagogische Konzepte zur Entwicklungsf\u00f6rderung von Kindern und Jugendlichen verwirklicht. Herr Oberlander, neben Frau Engelmaier einer der gesch\u00e4ftsf\u00fchrenden Vorst\u00e4nde &hellip; <\/p>\n<p class=\"link-more\"><a href=\"http:\/\/www.montessori-fuer-kinder.de\/wordpress\/aktuelles\/\" class=\"more-link\"><span class=\"screen-reader-text\">\u201eAktuelles\u201c <\/span>weiterlesen<\/a><\/p>\n","protected":false},"author":1,"featured_media":0,"parent":0,"menu_order":0,"comment_status":"closed","ping_status":"closed","template":"","meta":{"footnotes":""},"class_list":["post-207","page","type-page","status-publish","hentry"],"jetpack_sharing_enabled":true,"_links":{"self":[{"href":"http:\/\/www.montessori-fuer-kinder.de\/wordpress\/wp-json\/wp\/v2\/pages\/207","targetHints":{"allow":["GET"]}}],"collection":[{"href":"http:\/\/www.montessori-fuer-kinder.de\/wordpress\/wp-json\/wp\/v2\/pages"}],"about":[{"href":"http:\/\/www.montessori-fuer-kinder.de\/wordpress\/wp-json\/wp\/v2\/types\/page"}],"author":[{"embeddable":true,"href":"http:\/\/www.montessori-fuer-kinder.de\/wordpress\/wp-json\/wp\/v2\/users\/1"}],"replies":[{"embeddable":true,"href":"http:\/\/www.montessori-fuer-kinder.de\/wordpress\/wp-json\/wp\/v2\/comments?post=207"}],"version-history":[{"count":102,"href":"http:\/\/www.montessori-fuer-kinder.de\/wordpress\/wp-json\/wp\/v2\/pages\/207\/revisions"}],"predecessor-version":[{"id":526,"href":"http:\/\/www.montessori-fuer-kinder.de\/wordpress\/wp-json\/wp\/v2\/pages\/207\/revisions\/526"}],"wp:attachment":[{"href":"http:\/\/www.montessori-fuer-kinder.de\/wordpress\/wp-json\/wp\/v2\/media?parent=207"}],"curies":[{"name":"wp","href":"https:\/\/api.w.org\/{rel}","templated":true}]}}