{"id":162,"date":"2020-11-03T22:17:03","date_gmt":"2020-11-03T21:17:03","guid":{"rendered":"http:\/\/www.montessori-fuer-kinder.de\/wordpress\/?page_id=162"},"modified":"2024-11-05T10:19:59","modified_gmt":"2024-11-05T09:19:59","slug":"krippe-2","status":"publish","type":"page","link":"http:\/\/www.montessori-fuer-kinder.de\/wordpress\/krippe-2\/","title":{"rendered":"Krippe"},"content":{"rendered":"<h2>Montessori-Kinderkrippe<\/h2>\r\n<!-- \/wp:post-content -->\r\n\r\n<!-- wp:paragraph -->\r\n<p>Im Mittelpunkt unserer P\u00e4dagogik steht die individuelle F\u00f6rderung jedes Kindes im Sinne Maria Montessoris (&#8222;Hilf mir, es selbst zu tun&#8220;) und Emmi Piklers, die f\u00fcr unser umfassend qualifiziertes Team t\u00e4glich Motivation und Anspruch verk\u00f6rpert. Eine liebevolle Pflege und Betreuung, altershomogene Gruppen, sowie die Weckung der Leidenschaft f\u00fcr Lernen und Entdeckungen sind weitere tragende S\u00e4ulen. In unseren vier Krippengruppen sorgt ein professionelles P\u00e4dagog:innenteam f\u00fcr einen aufmerksamen Umgang. So k\u00f6nnen die Erzieher:innen individuell auf die Bed\u00fcrfnisse jedes einzelnen Kindes eingehen und die Entwicklung zu einer selbstst\u00e4ndigen Pers\u00f6nlichkeit begleiten. Ein breites Spektrum an Buchungsvarianten deckt dabei unterschiedlichste Bed\u00fcrfnisse ab.<\/p>\r\n<h3>Eigene K\u00fcche<\/h3>\r\n<!-- \/wp:paragraph -->\r\n\r\n<!-- wp:paragraph -->\r\n<p>Ihr Kind wird w\u00e4hrend seines Tags in der Kinderkrippe mit einem warmen Mittagessen inkl. Getr\u00e4nke versorgt. Brotzeit und Nachmittagssnack sowie Getr\u00e4nk geben Sie ihm im Rucksack mit. Das Montessori-Kinderhaus hat eine eigene K\u00fcche und bietet die leckeren Mahlzeiten t\u00e4glich frisch zubereitet an. Alle Lebensmittel werden dabei ausschlie\u00dflich in hoher Bioqualit\u00e4t bezogen.\u00a0<\/p>\r\n<h3>Ein Tag in der Krippe<\/h3>\r\n<p><strong><!-- \/wp:paragraph -->\r\n\r\n<!-- wp:paragraph --><\/strong> Am Morgen genie\u00dfen die Kinder zun\u00e4chst ihre Brotzeit. Anschlie\u00dfend haben sie die M\u00f6glichkeit, sich ihren jeweiligen Bed\u00fcrfnissen entsprechend in den verschiedenen Aktivit\u00e4ts-, Ruhe- und Bewegungsbereichen zu entfalten. W\u00e4hrend des Vormittags trifft sich die Gruppe zum gemeinsamen Morgenkreis mit anschlie\u00dfendem Singen und Spielen oder individueller Besch\u00e4ftigung mit Montessori Materialien. Nach dem Mittagessen legen die Krippenkinder in den Ruher\u00e4umen eine Schlafpause ein. Danach k\u00f6nnen sich die Kinder wieder im freien Spiel bet\u00e4tigen oder machen bei den\u00a0Lernangeboten mit, wie z.B. Bewegungsspiele, Kreativangebote, Wasserspiele, Kochen und Backen oder Arbeiten mit dem Montessori-Material.<\/p>\r\n<h3>Drau\u00dfen&#8230;<\/h3>\r\n<!-- \/wp:paragraph -->\r\n\r\n<!-- wp:paragraph -->\r\n<p>ist es am Sch\u00f6nsten. Deshalb geben wir unseren Kindern zu jeder Jahreszeit ausreichend Gelegenheit zum Spielen und Erkunden im Freien. Dadurch kommen wir dem nat\u00fcrlichen Bewegungsdrang der Kinder nach und st\u00e4rken so deren Gesundheit. Gelegentlich unternehmen wir mit unseren Krippenw\u00e4gen &#8211; sechssitzigen Kinderw\u00e4gen &#8211; Ausfl\u00fcge in die n\u00e4here Umgebung, wie z.B. Enten beobachten am Oblatterwall, Besuch der Augsburger Dult, des Rathausplatzes oder des Stadtmarktes.<\/p>\r\n<h3>Eingew\u00f6hnung<\/h3>\r\n<!-- \/wp:paragraph -->\r\n\r\n<!-- wp:paragraph -->\r\n<p>Die Eingew\u00f6hnung in die jeweilige Krippengruppe erfolgt elternbegleitet und in Anlehnung an das Berliner Eingew\u00f6hnungsmodell. Dies bedeutet, dass ein Elternteil in den ersten Tagen der Eingew\u00f6hnung mit anwesend ist und sich dann allm\u00e4hlich zur\u00fcckzieht. Dies gew\u00e4hrleistet, dass Ihr Kind m\u00f6glichst problemlos in seiner Gruppe ankommt und sich rasch wohlf\u00fchlt. Die p\u00e4dagogische Bezugsperson versucht feinf\u00fchlig und geduldig, in dieser Zeit eine vertrauensvolle Beziehung zu Ihrem Kind aufzubauen. Dadurch wird ein sanfter \u00dcbergang von der Familie in die Krippe gestaltet, der es dem Kind erm\u00f6glicht, in seinem neuen Erfahrungsfeld anzukommen und sich wohl zu f\u00fchlen.<\/p>\r\n<h3>Entwicklung<\/h3>\r\n<!-- \/wp:paragraph -->\r\n\r\n<!-- wp:paragraph -->\r\n<p>Entwicklung und Lernen im Krippenalter vollzieht sich auf der Grundlage einer sicheren und feinf\u00fchligen Beziehung durch selbstst\u00e4ndige Aktivit\u00e4ten des Kindes in einer vorbereiteten Umgebung. Besondere Bedeutung erfahren die Bereiche:<br \/>\u00a0&#8211; \u00a0Sanfte Eingew\u00f6hnung <br \/>\u00a0&#8211; \u00a0Beziehungsvolle Pflege <br \/>\u00a0&#8211; \u00a0Freie Bewegungsentwicklung <br \/>\u00a0&#8211; \u00a0Sinnliche Erfahrungsm\u00f6glichkeiten <br \/>\u00a0&#8211; \u00a0T\u00e4gliche Naturerlebnisse<\/p>\r\n<h3>Elterninformation<\/h3>\r\n<!-- \/wp:paragraph -->\r\n\r\n<!-- wp:paragraph -->\r\n<p>Je nach Bedarf und Interesse h\u00e4lt das Kinderhaus \u00a0verschiedene Medien zur Information \u00fcber die Entwicklung Ihres Kindes, \u00fcber Aktivit\u00e4ten in der Gruppe, das Kinderhausleben sowie Organisatorisches von Vorstand und Elternbeirat bereit: <br \/>\u00a0&#8211; \u00a0Elterngespr\u00e4che &amp; Elternabende <br \/>\u00a0&#8211; \u00a0Monatlicher Infobrief <br \/>\u00a0&#8211; \u00a0Kita-Info-App<br \/>\u00a0&#8211; \u00a0Infobrett &amp; Aush\u00e4nge<\/p>\r\n<h3>Unsere Gruppen<\/h3>\r\n\n<table id=\"tablepress-2\" class=\"tablepress tablepress-id-2\">\n<tbody>\n<tr class=\"row-1\">\n\t<td class=\"column-1\"><\/td><td class=\"column-2\">Alter der Kinder<\/td><td class=\"column-3\">Anzahl der Kinder<\/td>\n<\/tr>\n<tr class=\"row-2\">\n\t<td class=\"column-1\">Die Gelbe Gruppe<\/td><td class=\"column-2\">ab 10 Monate<\/td><td class=\"column-3\">10<\/td>\n<\/tr>\n<tr class=\"row-3\">\n\t<td class=\"column-1\">Die Blaue Gruppe<\/td><td class=\"column-2\">von 18 - 35 Monate<\/td><td class=\"column-3\">12<\/td>\n<\/tr>\n<tr class=\"row-4\">\n\t<td class=\"column-1\">Die Rote Gruppe<\/td><td class=\"column-2\">von 12 - 36 Monate<\/td><td class=\"column-3\">12<\/td>\n<\/tr>\n<tr class=\"row-5\">\n\t<td class=\"column-1\">Die Regenbogengruppe<\/td><td class=\"column-2\">ab 24 Monate<\/td><td class=\"column-3\">14<\/td>\n<\/tr>\n<\/tbody>\n<\/table>\n<!-- #tablepress-2 from cache -->\r\n<p>Die aktuellen Beitragss\u00e4tze finden Sie in unserem <a href=\"http:\/\/www.montessori-fuer-kinder.de\/wordpress\/downloads\/\" target=\"_blank\" rel=\"noopener\">Downloadbereich<\/a>.\u00a0<\/p>\r\n<!-- \/wp:paragraph -->\r\n\r\n<!-- wp:paragraph -->\r\n<h3>Elternengagement&#8230;<\/h3>\r\n<!-- \/wp:paragraph -->\r\n\r\n<!-- wp:paragraph -->\r\n<p>ist im Montessori-Kinderhaus nicht nur erw\u00fcnscht, sondern geh\u00f6rt bei uns zum p\u00e4dagogischen Konzept der Einrichtung und wird auch vertraglich fixiert. Aktuell sind es 30 Stunden pro Kinderhausjahr. Die H\u00f6he der finanziellen Ersatzleistung betr\u00e4gt pro nicht-geleisteter Elternstunde 20 \u20ac.<\/p>\r\n<h3>Anmeldung<\/h3>\r\n<p>Haben wir Sie neugierig gemacht? <a href=\"http:\/\/www.montessori-fuer-kinder.de\/wordpress\/anmeldung-2\/\">Hier<\/a> finden Sie alle Informationen rund um die Anmeldung im Montessori-Kinderhaus Henisiusstra\u00dfe.<\/p>\r\n<!-- \/wp:paragraph -->\r\n\r\n<!-- wp:list \/-->\r\n\r\n<!-- wp:heading {\"level\":4} -->\r\n<h4>\u00a0<\/h4>\r\n<p>&nbsp;<\/p>\r\n<!-- \/wp:heading -->\r\n\r\n<!-- wp:heading {\"level\":4} \/-->\r\n\r\n","protected":false},"excerpt":{"rendered":"<p>Montessori-Kinderkrippe Im Mittelpunkt unserer P\u00e4dagogik steht die individuelle F\u00f6rderung jedes Kindes im Sinne Maria Montessoris (&#8222;Hilf mir, es selbst zu tun&#8220;) und Emmi Piklers, die f\u00fcr unser umfassend qualifiziertes Team t\u00e4glich Motivation und Anspruch verk\u00f6rpert. Eine liebevolle Pflege und Betreuung, altershomogene Gruppen, sowie die Weckung der Leidenschaft f\u00fcr Lernen und Entdeckungen sind weitere tragende S\u00e4ulen. &hellip; <\/p>\n<p class=\"link-more\"><a href=\"http:\/\/www.montessori-fuer-kinder.de\/wordpress\/krippe-2\/\" class=\"more-link\"><span class=\"screen-reader-text\">\u201eKrippe\u201c <\/span>weiterlesen<\/a><\/p>\n","protected":false},"author":1,"featured_media":0,"parent":0,"menu_order":0,"comment_status":"closed","ping_status":"closed","template":"","meta":{"footnotes":""},"class_list":["post-162","page","type-page","status-publish","hentry"],"jetpack_sharing_enabled":true,"_links":{"self":[{"href":"http:\/\/www.montessori-fuer-kinder.de\/wordpress\/wp-json\/wp\/v2\/pages\/162","targetHints":{"allow":["GET"]}}],"collection":[{"href":"http:\/\/www.montessori-fuer-kinder.de\/wordpress\/wp-json\/wp\/v2\/pages"}],"about":[{"href":"http:\/\/www.montessori-fuer-kinder.de\/wordpress\/wp-json\/wp\/v2\/types\/page"}],"author":[{"embeddable":true,"href":"http:\/\/www.montessori-fuer-kinder.de\/wordpress\/wp-json\/wp\/v2\/users\/1"}],"replies":[{"embeddable":true,"href":"http:\/\/www.montessori-fuer-kinder.de\/wordpress\/wp-json\/wp\/v2\/comments?post=162"}],"version-history":[{"count":30,"href":"http:\/\/www.montessori-fuer-kinder.de\/wordpress\/wp-json\/wp\/v2\/pages\/162\/revisions"}],"predecessor-version":[{"id":1022,"href":"http:\/\/www.montessori-fuer-kinder.de\/wordpress\/wp-json\/wp\/v2\/pages\/162\/revisions\/1022"}],"wp:attachment":[{"href":"http:\/\/www.montessori-fuer-kinder.de\/wordpress\/wp-json\/wp\/v2\/media?parent=162"}],"curies":[{"name":"wp","href":"https:\/\/api.w.org\/{rel}","templated":true}]}}